{"id":611,"date":"2019-03-20T14:33:09","date_gmt":"2019-03-20T13:33:09","guid":{"rendered":"http:\/\/www.voxappeal.com\/?page_id=611"},"modified":"2020-03-13T13:26:37","modified_gmt":"2020-03-13T12:26:37","slug":"frlaurenceservice-information-communicationbretagne-commerce-internationalenlaurenceinformation-communication-servicebretagne-commerce-internationaleslaurenceservicio-de-informacion-y-com","status":"publish","type":"page","link":"https:\/\/www.voxappeal.com\/it\/frlaurenceservice-information-communicationbretagne-commerce-internationalenlaurenceinformation-communication-servicebretagne-commerce-internationaleslaurenceservicio-de-informacion-y-com\/","title":{"rendered":"<div style=\"font-size:15px;\"><p>LAURENCE<\/p><p style=\"color:#dd4646\">Servizio di Informazione e Comunicazione<p>Bretagne Commerce International<\/div>"},"content":{"rendered":"<p><\/p>\n<div style=\"font-size: 20px;\">Ho appena guardato il video: \u00e8 perfetto. Grazie per la qualit\u00e0 e la rapidit\u00e0 del vostro lavoro.<\/div>\n<p><\/p>","protected":false},"excerpt":{"rendered":"<p>Ho appena guardato il video: \u00e8 perfetto. Grazie per la qualit\u00e0 e la rapidit\u00e0 del vostro lavoro.<\/p>\n","protected":false},"author":2,"featured_media":390,"parent":0,"menu_order":0,"comment_status":"closed","ping_status":"closed","template":"page-templates\/single-testimonial.php","meta":{"footnotes":""},"class_list":["post-611","page","type-page","status-publish","has-post-thumbnail","hentry","clearfix"],"_links":{"self":[{"href":"https:\/\/www.voxappeal.com\/it\/wp-json\/wp\/v2\/pages\/611","targetHints":{"allow":["GET"]}}],"collection":[{"href":"https:\/\/www.voxappeal.com\/it\/wp-json\/wp\/v2\/pages"}],"about":[{"href":"https:\/\/www.voxappeal.com\/it\/wp-json\/wp\/v2\/types\/page"}],"author":[{"embeddable":true,"href":"https:\/\/www.voxappeal.com\/it\/wp-json\/wp\/v2\/users\/2"}],"replies":[{"embeddable":true,"href":"https:\/\/www.voxappeal.com\/it\/wp-json\/wp\/v2\/comments?post=611"}],"version-history":[{"count":6,"href":"https:\/\/www.voxappeal.com\/it\/wp-json\/wp\/v2\/pages\/611\/revisions"}],"predecessor-version":[{"id":780,"href":"https:\/\/www.voxappeal.com\/it\/wp-json\/wp\/v2\/pages\/611\/revisions\/780"}],"wp:featuredmedia":[{"embeddable":true,"href":"https:\/\/www.voxappeal.com\/it\/wp-json\/wp\/v2\/media\/390"}],"wp:attachment":[{"href":"https:\/\/www.voxappeal.com\/it\/wp-json\/wp\/v2\/media?parent=611"}],"curies":[{"name":"wp","href":"https:\/\/api.w.org\/{rel}","templated":true}]}}