{"id":38,"date":"2017-03-17T11:05:53","date_gmt":"2017-03-17T10:05:53","guid":{"rendered":"http:\/\/www.voxappeal.com\/WordPress\/?page_id=38"},"modified":"2020-04-27T14:53:00","modified_gmt":"2020-04-27T12:53:00","slug":"mentions-legales","status":"publish","type":"page","link":"https:\/\/www.voxappeal.com\/it\/mentions-legales\/","title":{"rendered":"Note legali"},"content":{"rendered":"<p><\/p>\n<h3>VoxAppeal &#8211; Mentions l\u00e9gales<\/h3>\n<h4>Informations sur l&#8217;entreprise<\/h4>\n<p>VoxAppeal S.A.R.L.<br \/>\nCapital \u20ac10,000<br \/>\nSi\u00e8ge social &#8211; 6 sq des hautes ourmes, 35200 Rennes, France<\/p>\n<h4>R\u00e9dacteur<\/h4>\n<p>Kevin Solan, Gestionnaire, VoxAppeal<br \/>\n6 sq des hautes ourmes &#8211; 35200 RENNES, France<\/p>\n<h4>H\u00e9bergement<\/h4>\n<p>OVH.com &#8211; 2 rue Kellermann, 59100 Roubaix, France<\/p>\n<h4>Vie priv\u00e9e<\/h4>\n<p>VoxAppeal soutient depuis plusieurs ann\u00e9es les politiques de l&#8217;Union europ\u00e9enne visant \u00e0 am\u00e9liorer la protection de la vie priv\u00e9e et des donn\u00e9es personnelles, et nous saluons le R\u00e9glement g\u00e9n\u00e9ral sur la protection des donn\u00e9es (RGPD) de l&#8217;UE en vigueur depuis le 25 mai 2018. Vous trouverez plus d&#8217;informations sur nos engagements \u00e0 l&#8217;\u00e9gard des abonn\u00e9s \u00e0 nos portails web sur&nbsp;<a href=\"https:\/\/ec.europa.eu\/info\/law\/law-topic\/data-protection\/reform\/rules-business-and-organisations\/principles-gdpr\/what-information-must-be-given-individuals-whose-data-collected_en\">Europa.eu<\/a>.<\/p>\n<p>Nos portails web de souscription sont con\u00e7us sp\u00e9cifiquement pour nos Fournisseurs et nos Clients afin de faciliter la gestion des projets qui les concernent. Cela comprend les partenaires qui travaillent r\u00e9guli\u00e8rement avec nous ainsi que certains partenaires &#8220;potentiels&#8221; avec lesquels nous avons \u00e9t\u00e9 en contact une ou deux fois.<\/p>\n<p>Les partenaires peuvent se connecter eux-m\u00eames sur le portail des fournisseurs (<a href=\"https:\/\/vendor.voxappeal.com\/\">https:\/\/vendor.voxappeal.com\/<\/a>) ou le portail des clients (<a href=\"https:\/\/client.voxappeal.com\/\">https:\/\/client.voxappeal.com\/<\/a>) ou nous pouvons compl\u00e9ter les informations n\u00e9cessaires \u00e0 partir des donn\u00e9es que vous nous avez fournies ou avec des donn\u00e9s suppl\u00e9mentaires provenant de votre site Web (par exemple l&#8217;adresse de l&#8217;entreprise etc&#8230;). Dans tous les cas, les donn\u00e9es que nous recueillons sont :<\/p>\n<ol>\n<li>Exclusivement destin\u00e9es \u00e0 faciliter nos relations professionnelles avec nos partenaires.<\/li>\n<li>Accessibles \u00e0 tous les partenaires, de mani\u00e8re individuelle. Chaque partenaire inscrit \u00e0 son propre portail avec identifiant\/mot de passe et peut modifier ou supprimer ses donn\u00e9es s&#8217;il le souhaite.<\/li>\n<\/ol>\n<p>Aucune donn\u00e9e personnelle n&#8217;est c\u00e9d\u00e9e \u00e0 un tiers pour quelque raison que ce soit sauf en cas de proc\u00e9dure judiciaire justifi\u00e9e.<br \/>\nCes donn\u00e9es peuvent \u00e9galement \u00eatre acquises sous la forme d&#8217;un tableur export\u00e9 \u00e0 partir du portail ou par simple demande e-mail au D\u00e9l\u00e9gu\u00e9 \u00e0 la protection des donn\u00e9es (voir adresse ci-dessous).<\/p>\n<h4>D\u00e9l\u00e9gu\u00e9 \u00e0 la protection des donn\u00e9es (DPD)<\/h4>\n<p>Kevin SOLAN &#8211; dpo -AT- voxappeal.com<\/p>","protected":false},"excerpt":{"rendered":"<p>VoxAppeal &#8211; Mentions l\u00e9gales Informations sur l&#8217;entreprise VoxAppeal S.A.R.L. Capital \u20ac10,000 Si\u00e8ge social &#8211; 6 sq des hautes ourmes, 35200 Rennes, France R\u00e9dacteur Kevin Solan, Gestionnaire, VoxAppeal 6 sq des hautes ourmes &#8211; 35200 RENNES, France H\u00e9bergement OVH.com &#8211; 2 [&hellip;]<\/p>\n","protected":false},"author":2,"featured_media":0,"parent":0,"menu_order":0,"comment_status":"closed","ping_status":"closed","template":"","meta":{"footnotes":""},"class_list":["post-38","page","type-page","status-publish","hentry","clearfix"],"_links":{"self":[{"href":"https:\/\/www.voxappeal.com\/it\/wp-json\/wp\/v2\/pages\/38","targetHints":{"allow":["GET"]}}],"collection":[{"href":"https:\/\/www.voxappeal.com\/it\/wp-json\/wp\/v2\/pages"}],"about":[{"href":"https:\/\/www.voxappeal.com\/it\/wp-json\/wp\/v2\/types\/page"}],"author":[{"embeddable":true,"href":"https:\/\/www.voxappeal.com\/it\/wp-json\/wp\/v2\/users\/2"}],"replies":[{"embeddable":true,"href":"https:\/\/www.voxappeal.com\/it\/wp-json\/wp\/v2\/comments?post=38"}],"version-history":[{"count":29,"href":"https:\/\/www.voxappeal.com\/it\/wp-json\/wp\/v2\/pages\/38\/revisions"}],"predecessor-version":[{"id":801,"href":"https:\/\/www.voxappeal.com\/it\/wp-json\/wp\/v2\/pages\/38\/revisions\/801"}],"wp:attachment":[{"href":"https:\/\/www.voxappeal.com\/it\/wp-json\/wp\/v2\/media?parent=38"}],"curies":[{"name":"wp","href":"https:\/\/api.w.org\/{rel}","templated":true}]}}