{"id":123,"date":"2017-04-05T11:41:39","date_gmt":"2017-04-05T09:41:39","guid":{"rendered":"http:\/\/www.voxappeal.com\/WordPress\/?page_id=123"},"modified":"2020-03-13T13:27:53","modified_gmt":"2020-03-13T12:27:53","slug":"arnaud-sweet-punk","status":"publish","type":"page","link":"https:\/\/www.voxappeal.com\/it\/arnaud-sweet-punk\/","title":{"rendered":"<div style=\"font-size:15px;\"><p>ARNAUD<\/p><p style=\"color:#dd4646\">Manager delle Comunicazioni del Gruppo<p>Sweet Punk<\/div>"},"content":{"rendered":"<p><\/p>\n<div>Grazie per la rapidit\u00e0, la professionalit\u00e0 e la qualit\u00e0 dei vostri servizi!<\/div>\n<p><\/p>","protected":false},"excerpt":{"rendered":"<p>Grazie per la rapidit\u00e0, la professionalit\u00e0 e la qualit\u00e0 dei vostri servizi!<\/p>\n","protected":false},"author":2,"featured_media":392,"parent":0,"menu_order":0,"comment_status":"closed","ping_status":"closed","template":"page-templates\/single-testimonial.php","meta":{"footnotes":""},"class_list":["post-123","page","type-page","status-publish","has-post-thumbnail","hentry","clearfix"],"_links":{"self":[{"href":"https:\/\/www.voxappeal.com\/it\/wp-json\/wp\/v2\/pages\/123","targetHints":{"allow":["GET"]}}],"collection":[{"href":"https:\/\/www.voxappeal.com\/it\/wp-json\/wp\/v2\/pages"}],"about":[{"href":"https:\/\/www.voxappeal.com\/it\/wp-json\/wp\/v2\/types\/page"}],"author":[{"embeddable":true,"href":"https:\/\/www.voxappeal.com\/it\/wp-json\/wp\/v2\/users\/2"}],"replies":[{"embeddable":true,"href":"https:\/\/www.voxappeal.com\/it\/wp-json\/wp\/v2\/comments?post=123"}],"version-history":[{"count":39,"href":"https:\/\/www.voxappeal.com\/it\/wp-json\/wp\/v2\/pages\/123\/revisions"}],"predecessor-version":[{"id":781,"href":"https:\/\/www.voxappeal.com\/it\/wp-json\/wp\/v2\/pages\/123\/revisions\/781"}],"wp:featuredmedia":[{"embeddable":true,"href":"https:\/\/www.voxappeal.com\/it\/wp-json\/wp\/v2\/media\/392"}],"wp:attachment":[{"href":"https:\/\/www.voxappeal.com\/it\/wp-json\/wp\/v2\/media?parent=123"}],"curies":[{"name":"wp","href":"https:\/\/api.w.org\/{rel}","templated":true}]}}